{"id":151,"date":"2016-06-23T11:01:42","date_gmt":"2016-06-23T09:01:42","guid":{"rendered":"https:\/\/the7.io\/construction\/?page_id=151"},"modified":"2025-08-14T14:45:49","modified_gmt":"2025-08-14T12:45:49","slug":"professeurs","status":"publish","type":"page","link":"https:\/\/mhdcie.fr\/?page_id=151","title":{"rendered":"Les Professeurs"},"content":{"rendered":"<p>[vc_row equal_height=\u00a0\u00bbyes\u00a0\u00bb el_class=\u00a0\u00bbcustom_services\u00a0\u00bb css=\u00a0\u00bb.vc_custom_1663839460424{padding-right: 25px !important;padding-left: 25px !important;}\u00a0\u00bb][vc_column css=\u00a0\u00bb.vc_custom_1663749745428{padding-right: 0px !important;padding-bottom: 5px !important;padding-left: 0px !important;}\u00a0\u00bb]<div id=\"ultimate-heading-871169d62697556ca\" class=\"uvc-heading ult-adjust-bottom-margin ultimate-heading-871169d62697556ca uvc-9546 accent-border-color\" data-hspacer=\"line_only\"  data-halign=\"left\" style=\"text-align:left\"><div class=\"uvc-main-heading ult-responsive\"  data-ultimate-target='.uvc-heading.ultimate-heading-871169d62697556ca h2'  data-responsive-json-new='{\"font-size\":\"desktop:40px;\",\"line-height\":\"desktop:26px;\"}' ><h2 style=\"font-family:&#039;Poiret One&#039;;font-weight:bold;color:#553f9a;\">LES PROFESSEURS<\/h2><\/div><div class=\"uvc-heading-spacer line_only\" style=\"margin-top:15px;margin-bottom:50px;height:4px;\"><span class=\"uvc-headings-line\" style=\"border-style:solid;border-bottom-width:4px;border-color:#ccc;width:50px;\"><\/span><\/div><\/div>[\/vc_column][\/vc_row][vc_row gap=\u00a0\u00bb30&Prime; equal_height=\u00a0\u00bbyes\u00a0\u00bb][vc_column width=\u00a0\u00bb1\/2&Prime;]<style type=\"text\/css\" data-type=\"the7_shortcodes-inline-css\">.shortcode-single-image-wrap.shortcode-single-image-12460b7b992b23389de13d5703658142.enable-bg-rollover .rollover i,\n.shortcode-single-image-wrap.shortcode-single-image-12460b7b992b23389de13d5703658142.enable-bg-rollover .rollover-video i {\n  background: -webkit-linear-gradient();\n  background: linear-gradient();\n}\n.shortcode-single-image-wrap.shortcode-single-image-12460b7b992b23389de13d5703658142 .rollover-icon {\n  font-size: 32px;\n  color: #ffffff;\n  min-width: 44px;\n  min-height: 44px;\n  line-height: 44px;\n  border-radius: 100px;\n  border-style: solid;\n  border-width: 0px;\n}\n.dt-icon-bg-on.shortcode-single-image-wrap.shortcode-single-image-12460b7b992b23389de13d5703658142 .rollover-icon {\n  background: rgba(255,255,255,0.3);\n  box-shadow: none;\n}\n<\/style><div class=\"shortcode-single-image-wrap shortcode-single-image-12460b7b992b23389de13d5703658142 alignnone  vc_custom_1663752402183 enable-bg-rollover dt-icon-bg-off\" ><div class=\"shortcode-single-image\"><div class=\"fancy-media-wrap  layzr-bg\" style=\"\"><img loading=\"lazy\" decoding=\"async\" class=\"preload-me lazy-load\" src=\"data:image\/svg+xml,%3Csvg%20xmlns%3D&#39;http%3A%2F%2Fwww.w3.org%2F2000%2Fsvg&#39;%20viewBox%3D&#39;0%200%20600%20400&#39;%2F%3E\" data-src=\"https:\/\/mhdcie.fr\/wp-content\/uploads\/2016\/06\/profs_04-600x400.jpg\" data-srcset=\"https:\/\/mhdcie.fr\/wp-content\/uploads\/2016\/06\/profs_04-600x400.jpg 600w\" width=\"600\" height=\"400\"  data-dt-location=\"https:\/\/mhdcie.fr\/?attachment_id=1316\" style=\"\" alt=\"\" \/><\/div><\/div><\/div><div id=\"ultimate-heading-473469d6269756ff4\" class=\"uvc-heading ult-adjust-bottom-margin ultimate-heading-473469d6269756ff4 uvc-9056 \" data-hspacer=\"no_spacer\"  data-halign=\"left\" style=\"text-align:left\"><div class=\"uvc-heading-spacer no_spacer\" style=\"top\"><\/div><div class=\"uvc-main-heading ult-responsive\"  data-ultimate-target='.uvc-heading.ultimate-heading-473469d6269756ff4 h3'  data-responsive-json-new='{\"font-size\":\"desktop:18px;\",\"line-height\":\"desktop:28px;\"}' ><h3 style=\"--font-weight:theme;color:#553f9a;margin-bottom:10px;\">THIBAUT ACCART<\/h3><\/div><div class=\"uvc-sub-heading ult-responsive\"  data-ultimate-target='.uvc-heading.ultimate-heading-473469d6269756ff4 .uvc-sub-heading '  data-responsive-json-new='{\"font-size\":\"\",\"line-height\":\"\"}'  style=\"font-weight:normal;\"><strong>DIRECTEUR ARTISTIQUE &#8211; CHOR\u0090\u00c9GRAPHE<\/strong><\/div><\/div>[vc_column_text css=\u00a0\u00bb.vc_custom_1670937950340{padding-bottom: 20px !important;}\u00a0\u00bb]C&rsquo;est \u00e0 l&rsquo;age de 5 ans qu&rsquo;il commence la danse sportive, tr\u00e8s rapidement il se destine \u00e0 la comp\u00e9tition. Il est sacr\u00e9 champion de France de danse standards en 2003. En 2005, il rencontre Emmanuelle Berne, actuellement danseuse professionnelle de l\u2019\u00e9mission Danse avec les Stars, avec qui il dansera pendant 5 ans et remportera de nombreuses comp\u00e9titions. Simultan\u00e9ment il d\u00e9couvre la com\u00e9die musicale garce \u00e0 Nathalie Bouvet, chor\u00e9graphe de renom en Ard\u00e8che. Il r\u00e9alise avec elle de nombreux spectacles durant 5 ans. Fort de parcours diversifi\u00e9s, c&rsquo;est alors tout naturellement qu&rsquo;il d\u00e9cide de cr\u00e9er la MHDC en 2007 en compagnie d&rsquo;Aurore. Initialement pour monter une compagnie de spectacle professionnelle de CABARET, puis au fur et \u00e0 mesure il se destine \u00e0 transmettre sa passion de la danse aupr\u00e8s des adultes et des enfants dans l&rsquo;objectif de la r\u00e9alisation d&rsquo;une com\u00e9die musicale annuelle. Artiste pluridisciplinaire, Thibaut s&rsquo;est produit sur diverses \u00e9missions de TV (Tf1, Fr 2, Fr3&#8230;) et \u00e9galement dans des lieux prestigieux tel que (LES FOLIES BERGERES, LE MUSEE GREVIN&#8230;). Aujourd&rsquo;hui il assure le r\u00f4le de meneur de revue au cabaret LA BELLE EPOQUE et dirige la compagnie \u00ab LES PETITES FOLIES \u00bb.[\/vc_column_text][\/vc_column][vc_column width=\u00a0\u00bb1\/2&Prime;]<style type=\"text\/css\" data-type=\"the7_shortcodes-inline-css\">.shortcode-single-image-wrap.shortcode-single-image-ab647248287ecfd726d6500770df988b.enable-bg-rollover .rollover i,\n.shortcode-single-image-wrap.shortcode-single-image-ab647248287ecfd726d6500770df988b.enable-bg-rollover .rollover-video i {\n  background: -webkit-linear-gradient();\n  background: linear-gradient();\n}\n.shortcode-single-image-wrap.shortcode-single-image-ab647248287ecfd726d6500770df988b .rollover-icon {\n  font-size: 32px;\n  color: #ffffff;\n  min-width: 44px;\n  min-height: 44px;\n  line-height: 44px;\n  border-radius: 100px;\n  border-style: solid;\n  border-width: 0px;\n}\n.dt-icon-bg-on.shortcode-single-image-wrap.shortcode-single-image-ab647248287ecfd726d6500770df988b .rollover-icon {\n  background: rgba(255,255,255,0.3);\n  box-shadow: none;\n}\n<\/style><div class=\"shortcode-single-image-wrap shortcode-single-image-ab647248287ecfd726d6500770df988b alignnone  vc_custom_1663752698456 enable-bg-rollover dt-icon-bg-off\" ><div class=\"shortcode-single-image\"><div class=\"fancy-media-wrap  layzr-bg\" style=\"\"><img loading=\"lazy\" decoding=\"async\" class=\"preload-me lazy-load\" src=\"data:image\/svg+xml,%3Csvg%20xmlns%3D&#39;http%3A%2F%2Fwww.w3.org%2F2000%2Fsvg&#39;%20viewBox%3D&#39;0%200%20600%20400&#39;%2F%3E\" data-src=\"https:\/\/mhdcie.fr\/wp-content\/uploads\/2016\/06\/profs_03-e1663680557744-600x400.jpg\" data-srcset=\"https:\/\/mhdcie.fr\/wp-content\/uploads\/2016\/06\/profs_03-e1663680557744-600x400.jpg 600w\" width=\"600\" height=\"400\"  data-dt-location=\"https:\/\/mhdcie.fr\/?attachment_id=1315\" style=\"\" alt=\"\" \/><\/div><\/div><\/div><div id=\"ultimate-heading-768369d62697578bc\" class=\"uvc-heading ult-adjust-bottom-margin ultimate-heading-768369d62697578bc uvc-418 \" data-hspacer=\"no_spacer\"  data-halign=\"left\" style=\"text-align:left\"><div class=\"uvc-heading-spacer no_spacer\" style=\"top\"><\/div><div class=\"uvc-main-heading ult-responsive\"  data-ultimate-target='.uvc-heading.ultimate-heading-768369d62697578bc h3'  data-responsive-json-new='{\"font-size\":\"desktop:18px;\",\"line-height\":\"desktop:28px;\"}' ><h3 style=\"--font-weight:theme;color:#e0a1bd;margin-bottom:10px;\">MELANIE ALLART<\/h3><\/div><div class=\"uvc-sub-heading ult-responsive\"  data-ultimate-target='.uvc-heading.ultimate-heading-768369d62697578bc .uvc-sub-heading '  data-responsive-json-new='{\"font-size\":\"\",\"line-height\":\"\"}'  style=\"font-weight:normal;\"><strong>CHANTEUSE ET COM\u00c9DIENNE<\/strong><\/div><\/div>[vc_column_text css=\u00a0\u00bb.vc_custom_1663753868314{padding-bottom: 20px !important;}\u00a0\u00bb]M\u00e9lanie a une formation initiale de danseuse (\u00e9cole Kin Kan \u00e0 Paris ,1995). En lien avec plusieurs compagnies, elle \u00e9volue en France et en Europe et donne des cours de Modern Jazz et Com\u00e9die musicale. Elle s&rsquo;interresse au th\u00e9\u00e2tre en 2001 et souhaitant compl\u00e9ter sa formation, elle suit les cours au studio Alain De Bock en 2002. Elle travaille aupr\u00e8s de compagnie La Gargouille en tant que com\u00e9dienne et metteur en sc\u00e8ne. Chanteuse, Elle m\u00e8ne la revue de la \u00ab\u00a0Compagnie les petites folies\u00a0\u00bb. \u00c9galement chanteuse dans plusieurs groupes \u00ab\u00a0Le Bordel de Mel\u00a0\u00bb, \u00ab\u00a0Booster\u00a0\u00bb et \u00ab\u00a0Bonnie &amp; Clyde on the moon\u00a0\u00bb. C&rsquo;est donc avec cette artiste aux multiples facettes que nous vous invitons \u00e0 prendre place au sein de nos ateliers Chant &amp; Th\u00e9\u00e2tre.[\/vc_column_text][\/vc_column][\/vc_row][vc_row gap=\u00a0\u00bb30&Prime; equal_height=\u00a0\u00bbyes\u00a0\u00bb][vc_column width=\u00a0\u00bb1\/2&Prime;]<style type=\"text\/css\" data-type=\"the7_shortcodes-inline-css\">.shortcode-single-image-wrap.shortcode-single-image-c164c9a58acb2bac8e65314ae25b1d91.enable-bg-rollover .rollover i,\n.shortcode-single-image-wrap.shortcode-single-image-c164c9a58acb2bac8e65314ae25b1d91.enable-bg-rollover .rollover-video i {\n  background: -webkit-linear-gradient();\n  background: linear-gradient();\n}\n.shortcode-single-image-wrap.shortcode-single-image-c164c9a58acb2bac8e65314ae25b1d91 .rollover-icon {\n  font-size: 32px;\n  color: #ffffff;\n  min-width: 44px;\n  min-height: 44px;\n  line-height: 44px;\n  border-radius: 100px;\n  border-style: solid;\n  border-width: 0px;\n}\n.dt-icon-bg-on.shortcode-single-image-wrap.shortcode-single-image-c164c9a58acb2bac8e65314ae25b1d91 .rollover-icon {\n  background: rgba(255,255,255,0.3);\n  box-shadow: none;\n}\n<\/style><div class=\"shortcode-single-image-wrap shortcode-single-image-c164c9a58acb2bac8e65314ae25b1d91 alignnone  vc_custom_1663753781341 enable-bg-rollover dt-icon-bg-off\" ><div class=\"shortcode-single-image\"><div class=\"fancy-media-wrap  layzr-bg\" style=\"\"><img loading=\"lazy\" decoding=\"async\" class=\"preload-me lazy-load\" src=\"data:image\/svg+xml,%3Csvg%20xmlns%3D&#39;http%3A%2F%2Fwww.w3.org%2F2000%2Fsvg&#39;%20viewBox%3D&#39;0%200%20600%20400&#39;%2F%3E\" data-src=\"https:\/\/mhdcie.fr\/wp-content\/uploads\/2016\/06\/profs_02-600x400.jpg\" data-srcset=\"https:\/\/mhdcie.fr\/wp-content\/uploads\/2016\/06\/profs_02-600x400.jpg 600w\" width=\"600\" height=\"400\"  data-dt-location=\"https:\/\/mhdcie.fr\/?attachment_id=1314\" style=\"\" alt=\"\" \/><\/div><\/div><\/div><div id=\"ultimate-heading-923869d6269757faa\" class=\"uvc-heading ult-adjust-bottom-margin ultimate-heading-923869d6269757faa uvc-4872 \" data-hspacer=\"no_spacer\"  data-halign=\"left\" style=\"text-align:left\"><div class=\"uvc-heading-spacer no_spacer\" style=\"top\"><\/div><div class=\"uvc-main-heading ult-responsive\"  data-ultimate-target='.uvc-heading.ultimate-heading-923869d6269757faa h3'  data-responsive-json-new='{\"font-size\":\"desktop:18px;\",\"line-height\":\"desktop:28px;\"}' ><h3 style=\"--font-weight:theme;color:#553f9a;margin-bottom:10px;\">AURORE ACCART<\/h3><\/div><div class=\"uvc-sub-heading ult-responsive\"  data-ultimate-target='.uvc-heading.ultimate-heading-923869d6269757faa .uvc-sub-heading '  data-responsive-json-new='{\"font-size\":\"\",\"line-height\":\"\"}'  style=\"font-weight:normal;\"><strong>DANSEUSE<\/strong><\/div><\/div>[vc_column_text css=\u00a0\u00bb.vc_custom_1755175528923{padding-bottom: 20px !important;}\u00a0\u00bb]Fondatrice de la MHDC. Aurore danse depuis son plus jeune age. Elle pratiquera la danse en comp\u00e9tition pendant plusieurs ann\u00e9es et deviendra danseuse professionnelle \u00e0 l&rsquo;age adulte. Aurore se destine \u00e0 l&rsquo;enseignement dans le secteur de la FITNESS. Elle est dipl\u00f4m\u00e9e d&rsquo;un CQP ALS AGEE aupr\u00e8s de l&rsquo; EPMM. Elle a \u00e9galement diverses certifications ZUMBA.\u00a0 Aurore se fera un plaisir d&rsquo;accueillir vos enfants pour passer un moment de folie autour de la danse.[\/vc_column_text][\/vc_column][vc_column width=\u00a0\u00bb1\/2&Prime;]<style type=\"text\/css\" data-type=\"the7_shortcodes-inline-css\">.shortcode-single-image-wrap.shortcode-single-image-84cc1ffc11d2efb11919094679c3abf0.enable-bg-rollover .rollover i,\n.shortcode-single-image-wrap.shortcode-single-image-84cc1ffc11d2efb11919094679c3abf0.enable-bg-rollover .rollover-video i {\n  background: -webkit-linear-gradient();\n  background: linear-gradient();\n}\n.shortcode-single-image-wrap.shortcode-single-image-84cc1ffc11d2efb11919094679c3abf0 .rollover-icon {\n  font-size: 32px;\n  color: #ffffff;\n  min-width: 44px;\n  min-height: 44px;\n  line-height: 44px;\n  border-radius: 100px;\n  border-style: solid;\n  border-width: 0px;\n}\n.dt-icon-bg-on.shortcode-single-image-wrap.shortcode-single-image-84cc1ffc11d2efb11919094679c3abf0 .rollover-icon {\n  background: rgba(255,255,255,0.3);\n  box-shadow: none;\n}\n<\/style><div class=\"shortcode-single-image-wrap shortcode-single-image-84cc1ffc11d2efb11919094679c3abf0 alignnone  vc_custom_1663753792375 enable-bg-rollover dt-icon-bg-off\" ><div class=\"shortcode-single-image\"><div class=\"fancy-media-wrap  layzr-bg\" style=\"\"><img loading=\"lazy\" decoding=\"async\" class=\"preload-me lazy-load\" src=\"data:image\/svg+xml,%3Csvg%20xmlns%3D&#39;http%3A%2F%2Fwww.w3.org%2F2000%2Fsvg&#39;%20viewBox%3D&#39;0%200%20600%20400&#39;%2F%3E\" data-src=\"https:\/\/mhdcie.fr\/wp-content\/uploads\/2016\/06\/profs_01-600x400.jpg\" data-srcset=\"https:\/\/mhdcie.fr\/wp-content\/uploads\/2016\/06\/profs_01-600x400.jpg 600w\" width=\"600\" height=\"400\"  data-dt-location=\"https:\/\/mhdcie.fr\/?attachment_id=1313\" style=\"\" alt=\"\" \/><\/div><\/div><\/div><div id=\"ultimate-heading-616569d626975861c\" class=\"uvc-heading ult-adjust-bottom-margin ultimate-heading-616569d626975861c uvc-1919 \" data-hspacer=\"no_spacer\"  data-halign=\"left\" style=\"text-align:left\"><div class=\"uvc-heading-spacer no_spacer\" style=\"top\"><\/div><div class=\"uvc-main-heading ult-responsive\"  data-ultimate-target='.uvc-heading.ultimate-heading-616569d626975861c h3'  data-responsive-json-new='{\"font-size\":\"desktop:18px;\",\"line-height\":\"desktop:28px;\"}' ><h3 style=\"--font-weight:theme;color:#e0a1bd;margin-bottom:10px;\">JULIE DJERIBI<\/h3><\/div><div class=\"uvc-sub-heading ult-responsive\"  data-ultimate-target='.uvc-heading.ultimate-heading-616569d626975861c .uvc-sub-heading '  data-responsive-json-new='{\"font-size\":\"\",\"line-height\":\"\"}'  style=\"font-weight:normal;\"><strong>DANSEUSE<\/strong><\/div><\/div>[vc_column_text css=\u00a0\u00bb.vc_custom_1718604280051{padding-bottom: 20px !important;}\u00a0\u00bb]Julie d\u00e9bute la danse \u00e0 l&rsquo;age de 8 ans en commen\u00e7ant par la danse classique. A 14 ans elle d\u00e9cide de s&rsquo;attaquer \u00e0 un tout autre style de danse le HIP HOP. Elle sera membre du groupe OSMOZ CREW, sous la direction artistique d&rsquo;Oswald Sanchez danseur et chor\u00e9graphe de \u00ab\u00a0Dans la Rue la danse\u00a0\u00bb, avec qui elle participera \u00e0 diff\u00e9rents concours et \u00e9v\u00e9nements. D&rsquo;un style de danse \u00e0 l&rsquo;autre Julie souhaite diversifier son parcours artistique et int\u00e8gre les cours de com\u00e9die musicale au sein de la MHDC, puis devient danseuse professionnelle dans la compagnie de spectacle professionnelle de CABARET \u00ab Les petites folies \u00bb \u00e0 AMIENS et la compagnie l&rsquo;Eg\u00e9rie \u00e0 LYON. De nature sportive, Julie est aussi dipl\u00f4m\u00e9e d&rsquo;un BPJEPS AGFF et de diverses certifications ZUMBA. Toujours enjou\u00e9e et d&rsquo;un dynamisme sans faille Julie est ravie d&rsquo;int\u00e9grer le corps professoral de la MHDC en 2021 pour y enseigner les ateliers HIP HOP et l&rsquo;Eveil \u00e0 la danse des plus petits ![\/vc_column_text][\/vc_column][\/vc_row]<\/p>\n","protected":false},"excerpt":{"rendered":"<p>[vc_row equal_height=\u00a0\u00bbyes\u00a0\u00bb el_class=\u00a0\u00bbcustom_services\u00a0\u00bb css=\u00a0\u00bb.vc_custom_1663839460424{padding-right: 25px !important;padding-left: 25px !important;}\u00a0\u00bb][vc_column css=\u00a0\u00bb.vc_custom_1663749745428{padding-right: 0px !important;padding-bottom: 5px !important;padding-left: 0px !important;}\u00a0\u00bb][\/vc_column][\/vc_row][vc_row gap=\u00a0\u00bb30&Prime; equal_height=\u00a0\u00bbyes\u00a0\u00bb][vc_column width=\u00a0\u00bb1\/2&Prime;][vc_column_text css=\u00a0\u00bb.vc_custom_1670937950340{padding-bottom: 20px !important;}\u00a0\u00bb]C&rsquo;est \u00e0 l&rsquo;age de 5 ans qu&rsquo;il commence la danse sportive, tr\u00e8s rapidement il se destine \u00e0 la comp\u00e9tition. Il est sacr\u00e9 champion de France de danse standards en 2003. En 2005, il rencontre Emmanuelle&hellip;<\/p>\n","protected":false},"author":1,"featured_media":0,"parent":154,"menu_order":0,"comment_status":"closed","ping_status":"closed","template":"","meta":{"footnotes":""},"class_list":["post-151","page","type-page","status-publish","hentry","description-off"],"_links":{"self":[{"href":"https:\/\/mhdcie.fr\/index.php?rest_route=\/wp\/v2\/pages\/151","targetHints":{"allow":["GET"]}}],"collection":[{"href":"https:\/\/mhdcie.fr\/index.php?rest_route=\/wp\/v2\/pages"}],"about":[{"href":"https:\/\/mhdcie.fr\/index.php?rest_route=\/wp\/v2\/types\/page"}],"author":[{"embeddable":true,"href":"https:\/\/mhdcie.fr\/index.php?rest_route=\/wp\/v2\/users\/1"}],"replies":[{"embeddable":true,"href":"https:\/\/mhdcie.fr\/index.php?rest_route=%2Fwp%2Fv2%2Fcomments&post=151"}],"version-history":[{"count":19,"href":"https:\/\/mhdcie.fr\/index.php?rest_route=\/wp\/v2\/pages\/151\/revisions"}],"predecessor-version":[{"id":1881,"href":"https:\/\/mhdcie.fr\/index.php?rest_route=\/wp\/v2\/pages\/151\/revisions\/1881"}],"up":[{"embeddable":true,"href":"https:\/\/mhdcie.fr\/index.php?rest_route=\/wp\/v2\/pages\/154"}],"wp:attachment":[{"href":"https:\/\/mhdcie.fr\/index.php?rest_route=%2Fwp%2Fv2%2Fmedia&parent=151"}],"curies":[{"name":"wp","href":"https:\/\/api.w.org\/{rel}","templated":true}]}}