{"id":1208,"date":"2016-06-21T22:38:18","date_gmt":"2016-06-21T20:38:18","guid":{"rendered":"https:\/\/the7.io\/construction\/?page_id=27"},"modified":"2025-08-14T15:15:07","modified_gmt":"2025-08-14T13:15:07","slug":"adultes","status":"publish","type":"page","link":"https:\/\/mhdcie.fr\/?page_id=1208","title":{"rendered":"Cours Adultes"},"content":{"rendered":"<p>[vc_row gap=\u00a0\u00bb30&Prime; equal_height=\u00a0\u00bbyes\u00a0\u00bb bg_type=\u00a0\u00bbimage\u00a0\u00bb parallax_style=\u00a0\u00bbvcpb-default\u00a0\u00bb bg_image_new=\u00a0\u00bbid^1558|url^http:\/\/mhdcie.fr\/wp-content\/uploads\/2022\/10\/Web_Background003-1.jpg|caption^null|alt^null|title^Web_Background003|description^null\u00a0\u00bb bg_image_repeat=\u00a0\u00bbno-repeat\u00a0\u00bb bg_img_attach=\u00a0\u00bbfixed\u00a0\u00bb bg_override=\u00a0\u00bbfull\u00a0\u00bb type=\u00a0\u00bbvc_default\u00a0\u00bb css=\u00a0\u00bb.vc_custom_1665676970465{padding-top: 70px !important;padding-right: 25px !important;padding-bottom: 70px !important;padding-left: 25px !important;}\u00a0\u00bb][vc_column width=\u00a0\u00bb1\/2&Prime; css=\u00a0\u00bb.vc_custom_1665676064004{padding-top: 0px !important;padding-right: 0px !important;padding-bottom: 0px !important;padding-left: 0px !important;background-color: #ffffff !important;}\u00a0\u00bb]<style type=\"text\/css\" data-type=\"the7_shortcodes-inline-css\">.shortcode-single-image-wrap.shortcode-single-image-4cfdebaf7b123bd29fc4659544bad830.enable-bg-rollover .rollover i,\n.shortcode-single-image-wrap.shortcode-single-image-4cfdebaf7b123bd29fc4659544bad830.enable-bg-rollover .rollover-video i {\n  background: -webkit-linear-gradient();\n  background: linear-gradient();\n}\n.shortcode-single-image-wrap.shortcode-single-image-4cfdebaf7b123bd29fc4659544bad830 .rollover-icon {\n  font-size: 32px;\n  color: #ffffff;\n  min-width: 44px;\n  min-height: 44px;\n  line-height: 44px;\n  border-radius: 100px;\n  border-style: solid;\n  border-width: 0px;\n}\n.dt-icon-bg-on.shortcode-single-image-wrap.shortcode-single-image-4cfdebaf7b123bd29fc4659544bad830 .rollover-icon {\n  background: rgba(255,255,255,0.3);\n  box-shadow: none;\n}\n<\/style><div class=\"shortcode-single-image-wrap shortcode-single-image-4cfdebaf7b123bd29fc4659544bad830 alignnone  enable-bg-rollover dt-icon-bg-off\" style=\"margin-top:0px; margin-bottom:0px; margin-left:0px; margin-right:0px; width:900px;\"><div class=\"shortcode-single-image\"><div class=\"fancy-media-wrap  layzr-bg\" style=\"\"><img loading=\"lazy\" decoding=\"async\" class=\"preload-me lazy-load\" src=\"data:image\/svg+xml,%3Csvg%20xmlns%3D&#39;http%3A%2F%2Fwww.w3.org%2F2000%2Fsvg&#39;%20viewBox%3D&#39;0%200%20900%20600&#39;%2F%3E\" data-src=\"https:\/\/mhdcie.fr\/wp-content\/uploads\/2023\/01\/Dance_adulte_02-900x600.jpg\" data-srcset=\"https:\/\/mhdcie.fr\/wp-content\/uploads\/2023\/01\/Dance_adulte_02-900x600.jpg 900w, https:\/\/mhdcie.fr\/wp-content\/uploads\/2023\/01\/Dance_adulte_02.jpg 1500w\" width=\"900\" height=\"600\"  data-dt-location=\"https:\/\/mhdcie.fr\/?attachment_id=1800\" style=\"\" alt=\"\" \/><\/div><\/div><\/div>[vc_row_inner css=\u00a0\u00bb.vc_custom_1665676020382{padding-top: 30px !important;padding-right: 30px !important;padding-bottom: 40px !important;padding-left: 30px !important;}\u00a0\u00bb][vc_column_inner]<div id=\"ultimate-heading-588969d6260774a60\" class=\"uvc-heading ult-adjust-bottom-margin ultimate-heading-588969d6260774a60 uvc-1095  uvc-heading-default-font-sizes\" data-hspacer=\"no_spacer\"  data-halign=\"left\" style=\"text-align:left\"><div class=\"uvc-heading-spacer no_spacer\" style=\"top\"><\/div><div class=\"uvc-main-heading ult-responsive\"  data-ultimate-target='.uvc-heading.ultimate-heading-588969d6260774a60 h2'  data-responsive-json-new='{\"font-size\":\"\",\"line-height\":\"\"}' ><h2 style=\"font-family:&#039;Poiret One&#039;;font-weight:bold;color:#553f9a;margin-bottom:10px;\">Danse Adultes<\/h2><\/div><\/div>[vc_column_text css=\u00a0\u00bb.vc_custom_1673964662338{padding-bottom: 20px !important;}\u00a0\u00bb]De multiples inspirations, Thibaut Accart, chor\u00e9graphe, vous encadrera. Il vous transmettra son savoir et son exp\u00e9rience de la sc\u00e8ne en r\u00e9v\u00e9lant le meilleur de vous m\u00eame.[\/vc_column_text]<style type=\"text\/css\" data-type=\"the7_shortcodes-inline-css\">#default-btn-4258bafddd1d5d0cf3847157955667a4.ico-right-side > i {\n  margin-right: 0px;\n  margin-left: 8px;\n}\n#default-btn-4258bafddd1d5d0cf3847157955667a4 > i {\n  margin-right: 8px;\n}\n<\/style><a href=\"https:\/\/mhdcie.fr\/?page_id=1465\" class=\"default-btn-shortcode dt-btn dt-btn-m link-hover-off btn-inline-left \" id=\"default-btn-4258bafddd1d5d0cf3847157955667a4\" title=\"Danse Adultes\"><span>En savoir +<\/span><\/a>[\/vc_column_inner][\/vc_row_inner][\/vc_column][vc_column width=\u00a0\u00bb1\/2&Prime; css=\u00a0\u00bb.vc_custom_1665675941921{padding-top: 0px !important;padding-right: 0px !important;padding-bottom: 0px !important;padding-left: 0px !important;background-color: #ffffff !important;}\u00a0\u00bb]<style type=\"text\/css\" data-type=\"the7_shortcodes-inline-css\">.shortcode-single-image-wrap.shortcode-single-image-e9f149814e428f093413c230a2355b27.enable-bg-rollover .rollover i,\n.shortcode-single-image-wrap.shortcode-single-image-e9f149814e428f093413c230a2355b27.enable-bg-rollover .rollover-video i {\n  background: -webkit-linear-gradient();\n  background: linear-gradient();\n}\n.shortcode-single-image-wrap.shortcode-single-image-e9f149814e428f093413c230a2355b27 .rollover-icon {\n  font-size: 32px;\n  color: #ffffff;\n  min-width: 44px;\n  min-height: 44px;\n  line-height: 44px;\n  border-radius: 100px;\n  border-style: solid;\n  border-width: 0px;\n}\n.dt-icon-bg-on.shortcode-single-image-wrap.shortcode-single-image-e9f149814e428f093413c230a2355b27 .rollover-icon {\n  background: rgba(255,255,255,0.3);\n  box-shadow: none;\n}\n<\/style><div class=\"shortcode-single-image-wrap shortcode-single-image-e9f149814e428f093413c230a2355b27 alignnone  enable-bg-rollover dt-icon-bg-off\" style=\"margin-top:0px; margin-bottom:0px; margin-left:0px; margin-right:0px; width:900px;\"><div class=\"shortcode-single-image\"><div class=\"fancy-media-wrap  layzr-bg\" style=\"\"><img loading=\"lazy\" decoding=\"async\" class=\"preload-me lazy-load\" src=\"data:image\/svg+xml,%3Csvg%20xmlns%3D&#39;http%3A%2F%2Fwww.w3.org%2F2000%2Fsvg&#39;%20viewBox%3D&#39;0%200%20900%20600&#39;%2F%3E\" data-src=\"https:\/\/mhdcie.fr\/wp-content\/uploads\/2023\/01\/Theatre_adultes_03-900x600.jpg\" data-srcset=\"https:\/\/mhdcie.fr\/wp-content\/uploads\/2023\/01\/Theatre_adultes_03-900x600.jpg 900w, https:\/\/mhdcie.fr\/wp-content\/uploads\/2023\/01\/Theatre_adultes_03.jpg 1500w\" width=\"900\" height=\"600\"  data-dt-location=\"https:\/\/mhdcie.fr\/?attachment_id=1803\" style=\"\" alt=\"\" \/><\/div><\/div><\/div>[vc_row_inner css=\u00a0\u00bb.vc_custom_1495105364136{padding-top: 30px !important;padding-right: 30px !important;padding-bottom: 40px !important;padding-left: 30px !important;}\u00a0\u00bb][vc_column_inner]<div id=\"ultimate-heading-633369d626077509a\" class=\"uvc-heading ult-adjust-bottom-margin ultimate-heading-633369d626077509a uvc-932  uvc-heading-default-font-sizes\" data-hspacer=\"no_spacer\"  data-halign=\"left\" style=\"text-align:left\"><div class=\"uvc-heading-spacer no_spacer\" style=\"top\"><\/div><div class=\"uvc-main-heading ult-responsive\"  data-ultimate-target='.uvc-heading.ultimate-heading-633369d626077509a h2'  data-responsive-json-new='{\"font-size\":\"\",\"line-height\":\"\"}' ><h2 style=\"font-family:&#039;Poiret One&#039;;font-weight:bold;color:#553f9a;margin-bottom:10px;\">Th\u00e9\u00e2tre Adulte<\/h2><\/div><\/div>[vc_column_text css=\u00a0\u00bb.vc_custom_1665664480657{padding-bottom: 20px !important;}\u00a0\u00bb]L&rsquo;atelier th\u00e9\u00e2tre est int\u00e9gralement consacr\u00e9 \u00e0 la cr\u00e9ation de la mise en sc\u00e8ne de la com\u00e9die musicale. Tout comme l&rsquo;atelier chant il se d\u00e9roule sur 5 weekends dans l&rsquo;ann\u00e9e&#8230;[\/vc_column_text]<style type=\"text\/css\" data-type=\"the7_shortcodes-inline-css\">#default-btn-7f269da65db3fbc3263ea02ea3cb43c6.ico-right-side > i {\n  margin-right: 0px;\n  margin-left: 8px;\n}\n#default-btn-7f269da65db3fbc3263ea02ea3cb43c6 > i {\n  margin-right: 8px;\n}\n<\/style><a href=\"https:\/\/mhdcie.fr\/?page_id=1474\" class=\"default-btn-shortcode dt-btn dt-btn-m link-hover-off btn-inline-left \" id=\"default-btn-7f269da65db3fbc3263ea02ea3cb43c6\" title=\"Th\u00e9\u00e2tre Adultes\"><span>En savoir +<\/span><\/a>[\/vc_column_inner][\/vc_row_inner][\/vc_column][vc_column width=\u00a0\u00bb1\/2&Prime; css=\u00a0\u00bb.vc_custom_1665675968768{padding-top: 0px !important;padding-right: 0px !important;padding-bottom: 0px !important;padding-left: 0px !important;background-color: #ffffff !important;}\u00a0\u00bb]<style type=\"text\/css\" data-type=\"the7_shortcodes-inline-css\">.shortcode-single-image-wrap.shortcode-single-image-de3f57003c76733cfbfebbacfdd33131.enable-bg-rollover .rollover i,\n.shortcode-single-image-wrap.shortcode-single-image-de3f57003c76733cfbfebbacfdd33131.enable-bg-rollover .rollover-video i {\n  background: -webkit-linear-gradient();\n  background: linear-gradient();\n}\n.shortcode-single-image-wrap.shortcode-single-image-de3f57003c76733cfbfebbacfdd33131 .rollover-icon {\n  font-size: 32px;\n  color: #ffffff;\n  min-width: 44px;\n  min-height: 44px;\n  line-height: 44px;\n  border-radius: 100px;\n  border-style: solid;\n  border-width: 0px;\n}\n.dt-icon-bg-on.shortcode-single-image-wrap.shortcode-single-image-de3f57003c76733cfbfebbacfdd33131 .rollover-icon {\n  background: rgba(255,255,255,0.3);\n  box-shadow: none;\n}\n<\/style><div class=\"shortcode-single-image-wrap shortcode-single-image-de3f57003c76733cfbfebbacfdd33131 alignnone  enable-bg-rollover dt-icon-bg-off\" style=\"margin-top:0px; margin-bottom:0px; margin-left:0px; margin-right:0px; width:900px;\"><div class=\"shortcode-single-image\"><div class=\"fancy-media-wrap  layzr-bg\" style=\"\"><img loading=\"lazy\" decoding=\"async\" class=\"preload-me lazy-load\" src=\"data:image\/svg+xml,%3Csvg%20xmlns%3D&#39;http%3A%2F%2Fwww.w3.org%2F2000%2Fsvg&#39;%20viewBox%3D&#39;0%200%20900%20600&#39;%2F%3E\" data-src=\"https:\/\/mhdcie.fr\/wp-content\/uploads\/2023\/01\/Chant_adultes_02-900x600.jpg\" data-srcset=\"https:\/\/mhdcie.fr\/wp-content\/uploads\/2023\/01\/Chant_adultes_02-900x600.jpg 900w, https:\/\/mhdcie.fr\/wp-content\/uploads\/2023\/01\/Chant_adultes_02.jpg 1500w\" width=\"900\" height=\"600\"  data-dt-location=\"https:\/\/mhdcie.fr\/?attachment_id=1805\" style=\"\" alt=\"\" \/><\/div><\/div><\/div>[vc_row_inner css=\u00a0\u00bb.vc_custom_1495105364136{padding-top: 30px !important;padding-right: 30px !important;padding-bottom: 40px !important;padding-left: 30px !important;}\u00a0\u00bb][vc_column_inner]<div id=\"ultimate-heading-497369d6260775616\" class=\"uvc-heading ult-adjust-bottom-margin ultimate-heading-497369d6260775616 uvc-5612  uvc-heading-default-font-sizes\" data-hspacer=\"no_spacer\"  data-halign=\"left\" style=\"text-align:left\"><div class=\"uvc-heading-spacer no_spacer\" style=\"top\"><\/div><div class=\"uvc-main-heading ult-responsive\"  data-ultimate-target='.uvc-heading.ultimate-heading-497369d6260775616 h2'  data-responsive-json-new='{\"font-size\":\"\",\"line-height\":\"\"}' ><h2 style=\"font-family:&#039;Poiret One&#039;;font-weight:bold;color:#553f9a;margin-bottom:10px;\">Chant Adultes<\/h2><\/div><\/div>[vc_column_text css=\u00a0\u00bb.vc_custom_1665664592657{padding-bottom: 20px !important;}\u00a0\u00bb]Notre atelier chant est a destination exclusif du projet de com\u00e9die musicale. 5 weekends dans l&rsquo;ann\u00e9e sont consacr\u00e9s \u00e0 cet atelier qui vous permettra de travailler en groupe les chansons du spectacle&#8230;[\/vc_column_text]<style type=\"text\/css\" data-type=\"the7_shortcodes-inline-css\">#default-btn-7b1b2be92a775c085a8db62f0f988fcf.ico-right-side > i {\n  margin-right: 0px;\n  margin-left: 8px;\n}\n#default-btn-7b1b2be92a775c085a8db62f0f988fcf > i {\n  margin-right: 8px;\n}\n<\/style><a href=\"https:\/\/mhdcie.fr\/?page_id=1472\" class=\"default-btn-shortcode dt-btn dt-btn-m link-hover-off btn-inline-left \" id=\"default-btn-7b1b2be92a775c085a8db62f0f988fcf\" title=\"Chant Adultes\"><span>En savoir +<\/span><\/a>[\/vc_column_inner][\/vc_row_inner][\/vc_column][vc_column width=\u00a0\u00bb1\/2&Prime; css=\u00a0\u00bb.vc_custom_1665675992973{padding-top: 0px !important;padding-right: 0px !important;padding-bottom: 0px !important;padding-left: 0px !important;background-color: #ffffff !important;}\u00a0\u00bb]<style type=\"text\/css\" data-type=\"the7_shortcodes-inline-css\">.shortcode-single-image-wrap.shortcode-single-image-dc94f0af0dbf869e8894dd591df81a24.enable-bg-rollover .rollover i,\n.shortcode-single-image-wrap.shortcode-single-image-dc94f0af0dbf869e8894dd591df81a24.enable-bg-rollover .rollover-video i {\n  background: -webkit-linear-gradient();\n  background: linear-gradient();\n}\n.shortcode-single-image-wrap.shortcode-single-image-dc94f0af0dbf869e8894dd591df81a24 .rollover-icon {\n  font-size: 32px;\n  color: #ffffff;\n  min-width: 44px;\n  min-height: 44px;\n  line-height: 44px;\n  border-radius: 100px;\n  border-style: solid;\n  border-width: 0px;\n}\n.dt-icon-bg-on.shortcode-single-image-wrap.shortcode-single-image-dc94f0af0dbf869e8894dd591df81a24 .rollover-icon {\n  background: rgba(255,255,255,0.3);\n  box-shadow: none;\n}\n<\/style><div class=\"shortcode-single-image-wrap shortcode-single-image-dc94f0af0dbf869e8894dd591df81a24 alignnone  enable-bg-rollover dt-icon-bg-off\" style=\"margin-top:0px; margin-bottom:0px; margin-left:0px; margin-right:0px; width:900px;\"><div class=\"shortcode-single-image\"><div class=\"fancy-media-wrap  layzr-bg\" style=\"\"><img loading=\"lazy\" decoding=\"async\" class=\"preload-me lazy-load\" src=\"data:image\/svg+xml,%3Csvg%20xmlns%3D&#39;http%3A%2F%2Fwww.w3.org%2F2000%2Fsvg&#39;%20viewBox%3D&#39;0%200%20900%20600&#39;%2F%3E\" data-src=\"https:\/\/mhdcie.fr\/wp-content\/uploads\/2023\/01\/hiphop_adulte_02-900x600.jpg\" data-srcset=\"https:\/\/mhdcie.fr\/wp-content\/uploads\/2023\/01\/hiphop_adulte_02-900x600.jpg 900w, https:\/\/mhdcie.fr\/wp-content\/uploads\/2023\/01\/hiphop_adulte_02.jpg 1500w\" width=\"900\" height=\"600\"  data-dt-location=\"https:\/\/mhdcie.fr\/?attachment_id=1809\" style=\"\" alt=\"\" \/><\/div><\/div><\/div>[vc_row_inner css=\u00a0\u00bb.vc_custom_1495105364136{padding-top: 30px !important;padding-right: 30px !important;padding-bottom: 40px !important;padding-left: 30px !important;}\u00a0\u00bb][vc_column_inner]<div id=\"ultimate-heading-817069d6260775ba1\" class=\"uvc-heading ult-adjust-bottom-margin ultimate-heading-817069d6260775ba1 uvc-3528  uvc-heading-default-font-sizes\" data-hspacer=\"no_spacer\"  data-halign=\"left\" style=\"text-align:left\"><div class=\"uvc-heading-spacer no_spacer\" style=\"top\"><\/div><div class=\"uvc-main-heading ult-responsive\"  data-ultimate-target='.uvc-heading.ultimate-heading-817069d6260775ba1 h2'  data-responsive-json-new='{\"font-size\":\"\",\"line-height\":\"\"}' ><h2 style=\"font-family:&#039;Poiret One&#039;;font-weight:bold;color:#553f9a;margin-bottom:10px;\">Hip-Hop<\/h2><\/div><\/div>[vc_column_text css=\u00a0\u00bb.vc_custom_1755177293041{padding-bottom: 20px !important;}\u00a0\u00bb]A partir de 13 ANS.<\/p>\n<p>Les ateliers Hip hop se d\u00e9rouleront sur la saison 2025 &#8211; 2026\u00a0 aux dates suivantes :<\/p>\n<p>23 NOVEMBRE 2025<\/p>\n<p>4 JANVIER 2026<\/p>\n<p>1 MARS 2026<\/p>\n<p>29 MARS 2026<\/p>\n<p>10 MAI 2026[\/vc_column_text]<style type=\"text\/css\" data-type=\"the7_shortcodes-inline-css\">#default-btn-73bed58ddda364d06d68fdc1c98e62d3.ico-right-side > i {\n  margin-right: 0px;\n  margin-left: 8px;\n}\n#default-btn-73bed58ddda364d06d68fdc1c98e62d3 > i {\n  margin-right: 8px;\n}\n<\/style><a href=\"https:\/\/mhdcie.fr\/?page_id=1469\" class=\"default-btn-shortcode dt-btn dt-btn-m link-hover-off btn-inline-left \" id=\"default-btn-73bed58ddda364d06d68fdc1c98e62d3\" title=\"Hip-Hop\"><span>En savoir +<\/span><\/a>[\/vc_column_inner][\/vc_row_inner][\/vc_column][\/vc_row][vc_row gap=\u00a0\u00bb30&Prime; equal_height=\u00a0\u00bbyes\u00a0\u00bb bg_type=\u00a0\u00bbimage\u00a0\u00bb parallax_style=\u00a0\u00bbvcpb-default\u00a0\u00bb bg_image_new=\u00a0\u00bbid^1558|url^http:\/\/mhdcie.fr\/wp-content\/uploads\/2022\/10\/Web_Background003-1.jpg|caption^null|alt^null|title^Web_Background003|description^null\u00a0\u00bb bg_image_repeat=\u00a0\u00bbno-repeat\u00a0\u00bb bg_img_attach=\u00a0\u00bbfixed\u00a0\u00bb bg_override=\u00a0\u00bbfull\u00a0\u00bb type=\u00a0\u00bbvc_default\u00a0\u00bb css=\u00a0\u00bb.vc_custom_1673964271029{padding-right: 25px !important;padding-bottom: 70px !important;padding-left: 25px !important;}\u00a0\u00bb][vc_column width=\u00a0\u00bb1\/2&Prime; css=\u00a0\u00bb.vc_custom_1665676064004{padding-top: 0px !important;padding-right: 0px !important;padding-bottom: 0px !important;padding-left: 0px !important;background-color: #ffffff !important;}\u00a0\u00bb]<style type=\"text\/css\" data-type=\"the7_shortcodes-inline-css\">.shortcode-single-image-wrap.shortcode-single-image-dd43f78a9feeae80e47684c372be461f.enable-bg-rollover .rollover i,\n.shortcode-single-image-wrap.shortcode-single-image-dd43f78a9feeae80e47684c372be461f.enable-bg-rollover .rollover-video i {\n  background: -webkit-linear-gradient();\n  background: linear-gradient();\n}\n.shortcode-single-image-wrap.shortcode-single-image-dd43f78a9feeae80e47684c372be461f .rollover-icon {\n  font-size: 32px;\n  color: #ffffff;\n  min-width: 44px;\n  min-height: 44px;\n  line-height: 44px;\n  border-radius: 100px;\n  border-style: solid;\n  border-width: 0px;\n}\n.dt-icon-bg-on.shortcode-single-image-wrap.shortcode-single-image-dd43f78a9feeae80e47684c372be461f .rollover-icon {\n  background: rgba(255,255,255,0.3);\n  box-shadow: none;\n}\n<\/style><div class=\"shortcode-single-image-wrap shortcode-single-image-dd43f78a9feeae80e47684c372be461f alignnone  enable-bg-rollover dt-icon-bg-off\" style=\"margin-top:0px; margin-bottom:0px; margin-left:0px; margin-right:0px; width:900px;\"><div class=\"shortcode-single-image\"><div class=\"fancy-media-wrap  layzr-bg\" style=\"\"><img loading=\"lazy\" decoding=\"async\" class=\"preload-me lazy-load\" src=\"data:image\/svg+xml,%3Csvg%20xmlns%3D&#39;http%3A%2F%2Fwww.w3.org%2F2000%2Fsvg&#39;%20viewBox%3D&#39;0%200%20900%20600&#39;%2F%3E\" data-src=\"https:\/\/mhdcie.fr\/wp-content\/uploads\/2023\/01\/Dancing_Show_02-900x600.jpg\" data-srcset=\"https:\/\/mhdcie.fr\/wp-content\/uploads\/2023\/01\/Dancing_Show_02-900x600.jpg 900w, https:\/\/mhdcie.fr\/wp-content\/uploads\/2023\/01\/Dancing_Show_02.jpg 1500w\" width=\"900\" height=\"600\"  data-dt-location=\"https:\/\/mhdcie.fr\/?attachment_id=1820\" style=\"\" alt=\"\" \/><\/div><\/div><\/div>[vc_row_inner css=\u00a0\u00bb.vc_custom_1665676020382{padding-top: 30px !important;padding-right: 30px !important;padding-bottom: 40px !important;padding-left: 30px !important;}\u00a0\u00bb][vc_column_inner]<div id=\"ultimate-heading-873769d626077628c\" class=\"uvc-heading ult-adjust-bottom-margin ultimate-heading-873769d626077628c uvc-2358  uvc-heading-default-font-sizes\" data-hspacer=\"no_spacer\"  data-halign=\"left\" style=\"text-align:left\"><div class=\"uvc-heading-spacer no_spacer\" style=\"top\"><\/div><div class=\"uvc-main-heading ult-responsive\"  data-ultimate-target='.uvc-heading.ultimate-heading-873769d626077628c h2'  data-responsive-json-new='{\"font-size\":\"\",\"line-height\":\"\"}' ><h2 style=\"font-family:&#039;Poiret One&#039;;font-weight:bold;color:#553f9a;margin-bottom:10px;\">Dancing Show<\/h2><\/div><\/div>[vc_column_text css=\u00a0\u00bb.vc_custom_1665664225173{padding-bottom: 20px !important;}\u00a0\u00bb]A partir de 16 ans sous forme de sessions ponctuelles le dimanche matin&#8230;[\/vc_column_text]<style type=\"text\/css\" data-type=\"the7_shortcodes-inline-css\">#default-btn-d26a5bb6767dc0fc71e5159d112bd754.ico-right-side > i {\n  margin-right: 0px;\n  margin-left: 8px;\n}\n#default-btn-d26a5bb6767dc0fc71e5159d112bd754 > i {\n  margin-right: 8px;\n}\n<\/style><a href=\"https:\/\/mhdcie.fr\/?page_id=67\" class=\"default-btn-shortcode dt-btn dt-btn-m link-hover-off btn-inline-left \" id=\"default-btn-d26a5bb6767dc0fc71e5159d112bd754\" title=\"Dancing Show\"><span>En savoir +<\/span><\/a>[\/vc_column_inner][\/vc_row_inner][\/vc_column][\/vc_row]<\/p>\n","protected":false},"excerpt":{"rendered":"<p>[vc_row gap=\u00a0\u00bb30&Prime; equal_height=\u00a0\u00bbyes\u00a0\u00bb bg_type=\u00a0\u00bbimage\u00a0\u00bb parallax_style=\u00a0\u00bbvcpb-default\u00a0\u00bb bg_image_new=\u00a0\u00bbid^1558|url^http:\/\/mhdcie.fr\/wp-content\/uploads\/2022\/10\/Web_Background003-1.jpg|caption^null|alt^null|title^Web_Background003|description^null\u00a0\u00bb bg_image_repeat=\u00a0\u00bbno-repeat\u00a0\u00bb bg_img_attach=\u00a0\u00bbfixed\u00a0\u00bb bg_override=\u00a0\u00bbfull\u00a0\u00bb type=\u00a0\u00bbvc_default\u00a0\u00bb css=\u00a0\u00bb.vc_custom_1665676970465{padding-top: 70px !important;padding-right: 25px !important;padding-bottom: 70px !important;padding-left: 25px !important;}\u00a0\u00bb][vc_column width=\u00a0\u00bb1\/2&Prime; css=\u00a0\u00bb.vc_custom_1665676064004{padding-top: 0px !important;padding-right: 0px !important;padding-bottom: 0px !important;padding-left: 0px !important;background-color: #ffffff !important;}\u00a0\u00bb][vc_row_inner css=\u00a0\u00bb.vc_custom_1665676020382{padding-top: 30px !important;padding-right: 30px !important;padding-bottom: 40px !important;padding-left: 30px !important;}\u00a0\u00bb][vc_column_inner][vc_column_text css=\u00a0\u00bb.vc_custom_1673964662338{padding-bottom: 20px !important;}\u00a0\u00bb]De multiples inspirations, Thibaut Accart, chor\u00e9graphe, vous encadrera. Il vous transmettra son savoir&hellip;<\/p>\n","protected":false},"author":1,"featured_media":0,"parent":0,"menu_order":2,"comment_status":"closed","ping_status":"closed","template":"","meta":{"footnotes":""},"class_list":["post-1208","page","type-page","status-publish","hentry","description-off"],"_links":{"self":[{"href":"https:\/\/mhdcie.fr\/index.php?rest_route=\/wp\/v2\/pages\/1208","targetHints":{"allow":["GET"]}}],"collection":[{"href":"https:\/\/mhdcie.fr\/index.php?rest_route=\/wp\/v2\/pages"}],"about":[{"href":"https:\/\/mhdcie.fr\/index.php?rest_route=\/wp\/v2\/types\/page"}],"author":[{"embeddable":true,"href":"https:\/\/mhdcie.fr\/index.php?rest_route=\/wp\/v2\/users\/1"}],"replies":[{"embeddable":true,"href":"https:\/\/mhdcie.fr\/index.php?rest_route=%2Fwp%2Fv2%2Fcomments&post=1208"}],"version-history":[{"count":27,"href":"https:\/\/mhdcie.fr\/index.php?rest_route=\/wp\/v2\/pages\/1208\/revisions"}],"predecessor-version":[{"id":1890,"href":"https:\/\/mhdcie.fr\/index.php?rest_route=\/wp\/v2\/pages\/1208\/revisions\/1890"}],"wp:attachment":[{"href":"https:\/\/mhdcie.fr\/index.php?rest_route=%2Fwp%2Fv2%2Fmedia&parent=1208"}],"curies":[{"name":"wp","href":"https:\/\/api.w.org\/{rel}","templated":true}]}}